{"id":28,"date":"2023-04-17T06:05:07","date_gmt":"2023-04-17T06:05:07","guid":{"rendered":"https:\/\/dongyhiepthanh.com\/?page_id=28"},"modified":"2025-03-13T12:30:03","modified_gmt":"2025-03-13T05:30:03","slug":"28-2","status":"publish","type":"page","link":"https:\/\/dongyhiepthanh.com\/","title":{"rendered":""},"content":{"rendered":"\n<div class=\"wp-block-cover alignfull\" style=\"min-height:800px\"><span aria-hidden=\"true\" class=\"wp-block-cover__background has-background-dim-60 has-background-dim\"><\/span><img decoding=\"async\" loading=\"lazy\" width=\"2560\" height=\"1707\" class=\"wp-block-cover__image-background wp-image-44\" alt=\"\" src=\"https:\/\/dongyhiepthanh.com\/wp-content\/uploads\/2023\/04\/various-traditional-chinese-medicinechinese-translationshort-sentences-describing-benefits-traditional-chinese-medicine-1-scaled.jpg\" data-object-fit=\"cover\" srcset=\"https:\/\/dongyhiepthanh.com\/wp-content\/uploads\/2023\/04\/various-traditional-chinese-medicinechinese-translationshort-sentences-describing-benefits-traditional-chinese-medicine-1-scaled.jpg 2560w, https:\/\/dongyhiepthanh.com\/wp-content\/uploads\/2023\/04\/various-traditional-chinese-medicinechinese-translationshort-sentences-describing-benefits-traditional-chinese-medicine-1-300x200.jpg 300w, https:\/\/dongyhiepthanh.com\/wp-content\/uploads\/2023\/04\/various-traditional-chinese-medicinechinese-translationshort-sentences-describing-benefits-traditional-chinese-medicine-1-1024x683.jpg 1024w, https:\/\/dongyhiepthanh.com\/wp-content\/uploads\/2023\/04\/various-traditional-chinese-medicinechinese-translationshort-sentences-describing-benefits-traditional-chinese-medicine-1-768x512.jpg 768w, https:\/\/dongyhiepthanh.com\/wp-content\/uploads\/2023\/04\/various-traditional-chinese-medicinechinese-translationshort-sentences-describing-benefits-traditional-chinese-medicine-1-1536x1024.jpg 1536w, https:\/\/dongyhiepthanh.com\/wp-content\/uploads\/2023\/04\/various-traditional-chinese-medicinechinese-translationshort-sentences-describing-benefits-traditional-chinese-medicine-1-2048x1365.jpg 2048w, https:\/\/dongyhiepthanh.com\/wp-content\/uploads\/2023\/04\/various-traditional-chinese-medicinechinese-translationshort-sentences-describing-benefits-traditional-chinese-medicine-1-600x400.jpg 600w\" sizes=\"(max-width: 2560px) 100vw, 2560px\" \/><div class=\"wp-block-cover__inner-container\">\n<h2 class=\"wp-block-heading alignwide has-text-align-center has-text-color\" style=\"color:#ffe074;font-size:65px;text-transform:none\">Ch\u00fac b\u1ea1n nhi\u1ec1u s\u1ee9c kho\u1ebb<\/h2>\n\n\n\n<div style=\"height:330px\" aria-hidden=\"true\" class=\"wp-block-spacer\"><\/div>\n\n\n\n<p class=\"has-text-align-center has-text-color\" style=\"color:#ffe074;font-size:12px;line-height:1.3\">Th\u1ec3 x\u00e1c v\u00e0 tinh th\u1ea7n kh\u00f4ng th\u1ec3 t\u00e1ch r\u1eddi trong l\u00fac ch\u1eefa tr\u1ecb, b\u1edfi ch\u00fang l\u00e0 m\u1ed9t v\u00e0 kh\u00f4ng th\u1ec3 chia t\u00e1ch. Nh\u1eefng t\u00e2m h\u1ed3n b\u1ec7nh t\u1eadt c\u0169ng c\u1ea7n \u0111\u01b0\u1ee3c ch\u1eefa tr\u1ecb nh\u01b0 c\u01a1 th\u1ec3 b\u1ec7nh t\u1eadt.<\/p>\n<\/div><\/div>\n\n\n\n<div class=\"wp-block-group alignfull has-text-color has-background is-layout-flow\" style=\"color:#000000;background-color:#ffffff\"><div class=\"wp-block-group__inner-container\">\n<div style=\"height:64px\" aria-hidden=\"true\" class=\"wp-block-spacer\"><\/div>\n\n\n\n<p class=\"has-text-align-center has-small-font-size\" style=\"line-height:.9\">B\u1ea1n c\u1ea7n mua d\u01b0\u1ee3c li\u1ec7u?<\/p>\n\n\n\n<h2 class=\"wp-block-heading has-text-align-center\" id=\"schedule-a-visit\" style=\"font-size:59px;line-height:1.15\"><strong>\u0110\u1eb7t h\u00e0ng ngay<\/strong><\/h2>\n\n\n\n<div class=\"wp-block-buttons is-horizontal is-content-justification-center is-layout-flex wp-container-1\">\n<div class=\"wp-block-button has-custom-width wp-block-button__width-50\"><a class=\"wp-block-button__link has-text-color has-background wp-element-button\" href=\"https:\/\/dongyhiepthanh.com\/index.php\/dat-hang\/\" style=\"border-radius:50px;color:#ffffff;background-color:#000000\" target=\"_blank\" rel=\"noreferrer noopener\">T\u1ea1i \u0111\u00e2y<\/a><\/div>\n<\/div>\n\n\n\n<div style=\"height:64px\" aria-hidden=\"true\" class=\"wp-block-spacer\"><\/div>\n\n\n\n<h3 class=\"wp-block-heading has-text-align-center\"><em>Ho\u1eb7c li\u00ean h\u1ec7 qua<\/em><\/h3>\n\n\n\n<div class=\"wp-block-columns has-small-font-size is-layout-flex wp-container-8\">\n<div class=\"wp-block-column is-layout-flow\"><\/div>\n\n\n\n<div class=\"wp-block-column is-layout-flow\" style=\"flex-basis:156px\">\n<div class=\"wp-block-columns is-layout-flex wp-container-5\">\n<div class=\"wp-block-column is-layout-flow\"><div class=\"wp-block-image\">\n<figure class=\"aligncenter size-full is-resized\"><a href=\"https:\/\/zalo.me\/84909835263\"><img decoding=\"async\" loading=\"lazy\" src=\"https:\/\/dongyhiepthanh.com\/wp-content\/uploads\/2023\/04\/Monochromatic-E-Sports-Viking-Logo-1.png\" alt=\"\" class=\"wp-image-106\" width=\"64\" height=\"64\" srcset=\"https:\/\/dongyhiepthanh.com\/wp-content\/uploads\/2023\/04\/Monochromatic-E-Sports-Viking-Logo-1.png 256w, https:\/\/dongyhiepthanh.com\/wp-content\/uploads\/2023\/04\/Monochromatic-E-Sports-Viking-Logo-1-150x150.png 150w, https:\/\/dongyhiepthanh.com\/wp-content\/uploads\/2023\/04\/Monochromatic-E-Sports-Viking-Logo-1-100x100.png 100w\" sizes=\"(max-width: 64px) 100vw, 64px\" \/><\/a><\/figure><\/div><\/div>\n\n\n\n<div class=\"wp-block-column is-layout-flow\"><div class=\"wp-block-image\">\n<figure class=\"aligncenter size-full is-resized\"><a href=\"tel:+84909835263\"><img decoding=\"async\" loading=\"lazy\" src=\"https:\/\/dongyhiepthanh.com\/wp-content\/uploads\/2023\/04\/accept-call-icon.webp\" alt=\"\" class=\"wp-image-109\" width=\"64\" height=\"64\" srcset=\"https:\/\/dongyhiepthanh.com\/wp-content\/uploads\/2023\/04\/accept-call-icon.webp 512w, https:\/\/dongyhiepthanh.com\/wp-content\/uploads\/2023\/04\/accept-call-icon-300x300.webp 300w, https:\/\/dongyhiepthanh.com\/wp-content\/uploads\/2023\/04\/accept-call-icon-150x150.webp 150w, https:\/\/dongyhiepthanh.com\/wp-content\/uploads\/2023\/04\/accept-call-icon-100x100.webp 100w\" sizes=\"(max-width: 64px) 100vw, 64px\" \/><\/a><\/figure><\/div><\/div>\n<\/div>\n<\/div>\n\n\n\n<div class=\"wp-block-column is-layout-flow\"><\/div>\n<\/div>\n\n\n<div data-block-name=\"woocommerce\/all-products\" data-columns=\"3\" data-rows=\"1\" data-align-buttons=\"false\" data-content-visibility=\"{&quot;orderBy&quot;:false}\" data-orderby=\"date\" data-layout-config=\"[[&quot;woocommerce\\\/product-image&quot;,{&quot;showProductLink&quot;:true,&quot;showSaleBadge&quot;:true,&quot;saleBadgeAlign&quot;:&quot;right&quot;,&quot;imageSizing&quot;:&quot;cropped&quot;,&quot;productId&quot;:0,&quot;isDescendentOfQueryLoop&quot;:false,&quot;children&quot;:[]}],[&quot;woocommerce\\\/product-title&quot;,{&quot;headingLevel&quot;:2,&quot;showProductLink&quot;:true,&quot;productId&quot;:0,&quot;children&quot;:[]}],[&quot;woocommerce\\\/product-price&quot;,{&quot;productId&quot;:204,&quot;isDescendentOfQueryLoop&quot;:false,&quot;textAlign&quot;:&quot;&quot;,&quot;isDescendentOfSingleProductTemplate&quot;:false,&quot;children&quot;:[]}],[&quot;woocommerce\\\/product-rating&quot;,{&quot;productId&quot;:0,&quot;isDescendentOfQueryLoop&quot;:false,&quot;textAlign&quot;:&quot;&quot;,&quot;children&quot;:[]}],[&quot;woocommerce\\\/product-button&quot;,{&quot;productId&quot;:0,&quot;isDescendentOfQueryLoop&quot;:false,&quot;textAlign&quot;:&quot;&quot;,&quot;children&quot;:[]}]]\" class=\"wp-block-woocommerce-all-products wc-block-all-products .wc-block-formatted-money-amount{display: none;} .wc-block-components-product-rating__link{display:none;}\" data-attributes=\"{&quot;alignButtons&quot;:false,&quot;className&quot;:&quot;.wc-block-formatted-money-amount{display: none;} .wc-block-components-product-rating__link{display:none;}&quot;,&quot;columns&quot;:3,&quot;contentVisibility&quot;:{&quot;orderBy&quot;:false},&quot;isPreview&quot;:false,&quot;layoutConfig&quot;:[[&quot;woocommerce\/product-image&quot;,{&quot;showProductLink&quot;:true,&quot;showSaleBadge&quot;:true,&quot;saleBadgeAlign&quot;:&quot;right&quot;,&quot;imageSizing&quot;:&quot;cropped&quot;,&quot;productId&quot;:0,&quot;isDescendentOfQueryLoop&quot;:false,&quot;children&quot;:[]}],[&quot;woocommerce\/product-title&quot;,{&quot;headingLevel&quot;:2,&quot;showProductLink&quot;:true,&quot;productId&quot;:0,&quot;children&quot;:[]}],[&quot;woocommerce\/product-price&quot;,{&quot;productId&quot;:204,&quot;isDescendentOfQueryLoop&quot;:false,&quot;textAlign&quot;:&quot;&quot;,&quot;isDescendentOfSingleProductTemplate&quot;:false,&quot;children&quot;:[]}],[&quot;woocommerce\/product-rating&quot;,{&quot;productId&quot;:0,&quot;isDescendentOfQueryLoop&quot;:false,&quot;textAlign&quot;:&quot;&quot;,&quot;children&quot;:[]}],[&quot;woocommerce\/product-button&quot;,{&quot;productId&quot;:0,&quot;isDescendentOfQueryLoop&quot;:false,&quot;textAlign&quot;:&quot;&quot;,&quot;children&quot;:[]}]],&quot;orderby&quot;:&quot;date&quot;,&quot;rows&quot;:1}\"><div data-block-name=\"woocommerce\/product-image\" data-image-sizing=\"cropped\" class=\"is-loading\"><\/div>\n\n<div data-block-name=\"woocommerce\/product-title\" class=\"wp-block-woocommerce-product-title is-loading\"><\/div>\n\n\n\n<div data-block-name=\"woocommerce\/product-rating\" class=\"is-loading\"><\/div>\n\n<div data-block-name=\"woocommerce\/product-button\" class=\"is-loading\"><\/div><\/div><\/div><\/div>\n\n\n\n<div style=\"height:100px\" aria-hidden=\"true\" class=\"wp-block-spacer\"><\/div>\n\n\n\n<div class=\"wp-block-columns alignwide is-layout-flex wp-container-16\" style=\"margin-bottom:0\">\n<div class=\"wp-block-column has-text-color has-background has-link-color wp-elements-9df8882d06faaca206c777799cf386d0 is-layout-flow\" style=\"color:#000000;background-color:#cfcfcf;padding-top:2em;padding-right:2em;padding-bottom:2em;padding-left:2em\">\n<h2 class=\"wp-block-heading\" id=\"single\" style=\"font-size:40px\"><strong>Giao h\u00e0ng<\/strong><\/h2>\n\n\n\n<div class=\"wp-block-outermost-icon-block alignright\"><div class=\"icon-container\" style=\"width:48px\"><svg xmlns=\"http:\/\/www.w3.org\/2000\/svg\" viewBox=\"0 0 24 24\" aria-hidden=\"true\"><path d=\"M3 6.75C3 5.784 3.784 5 4.75 5H15V7.313l.05.027 5.056 2.73.394.212v3.468a1.75 1.75 0 01-1.75 1.75h-.012a2.5 2.5 0 11-4.975 0H9.737a2.5 2.5 0 11-4.975 0H3V6.75zM13.5 14V6.5H4.75a.25.25 0 00-.25.25V14h.965a2.493 2.493 0 011.785-.75c.7 0 1.332.287 1.785.75H13.5zm4.535 0h.715a.25.25 0 00.25-.25v-2.573l-4-2.16v4.568a2.487 2.487 0 011.25-.335c.7 0 1.332.287 1.785.75zM6.282 15.5a1.002 1.002 0 00.968 1.25 1 1 0 10-.968-1.25zm9 0a1 1 0 101.937.498 1 1 0 00-1.938-.498z\"><\/path><\/svg><\/div><\/div>\n\n\n\n<p class=\"has-normal-font-size\" style=\"line-height:1.5\"><strong>Ch\u00fang t\u00f4i s\u1eb5n s\u00e0ng giao h\u00e0ng d\u00f9 b\u1ea1n \u1edf xa<\/strong><\/p>\n\n\n\n<hr class=\"wp-block-separator has-text-color has-css-opacity has-background is-style-wide\" style=\"background-color:#000000;color:#000000\"\/>\n\n\n\n<ul class=\"has-normal-font-size\">\n<li>C\u01b0\u1edbc giao h\u00e0ng ph\u1ee5 thu\u1ed9c v\u00e0o b\u00ean cung c\u1ea5p d\u1ecbch v\u1ee5<\/li>\n\n\n\n<li>\u0110\u01a1n h\u00e0ng l\u1edbn h\u01a1n 200k<\/li>\n\n\n\n<li>Vui l\u00f2ng thanh to\u00e1n tr\u01b0\u1edbc 30% cho \u0111\u01a1n giao \u0111\u1ea7u ti\u00ean<\/li>\n<\/ul>\n\n\n\n<div class=\"wp-block-buttons is-content-justification-center is-layout-flex wp-container-10\">\n<div class=\"wp-block-button is-style-outline\"><a class=\"wp-block-button__link wp-element-button\" href=\"https:\/\/dongyhiepthanh.com\/index.php\/dat-hang\/\" target=\"_blank\" rel=\"noreferrer noopener\">\u0110\u1eb7t h\u00e0ng<\/a><\/div>\n<\/div>\n<\/div>\n\n\n\n<div class=\"wp-block-column has-text-color has-background has-link-color wp-elements-b86d76752cce14b1e957e9ff852667ab is-layout-flow\" style=\"color:#000000;background-color:#eff2e1;padding-top:2em;padding-right:2em;padding-bottom:2em;padding-left:2em\">\n<h2 class=\"wp-block-heading\" id=\"family\" style=\"font-size:40px\"><strong>S\u1ec9 v\u00e0 l\u1ebb<\/strong><\/h2>\n\n\n\n<div class=\"wp-block-outermost-icon-block alignright\"><div class=\"icon-container\" style=\"width:48px\"><svg xmlns=\"http:\/\/www.w3.org\/2000\/svg\" viewBox=\"0 0 24 24\" aria-hidden=\"true\"><path d=\"M3.25 12a8.75 8.75 0 1117.5 0 8.75 8.75 0 01-17.5 0zM12 4.75a7.25 7.25 0 100 14.5 7.25 7.25 0 000-14.5zm-1.338 4.877c-.314.22-.412.452-.412.623 0 .171.098.403.412.623.312.218.783.377 1.338.377.825 0 1.605.233 2.198.648.59.414 1.052 1.057 1.052 1.852 0 .795-.461 1.438-1.052 1.852-.41.286-.907.486-1.448.582v.316a.75.75 0 01-1.5 0v-.316a3.64 3.64 0 01-1.448-.582c-.59-.414-1.052-1.057-1.052-1.852a.75.75 0 011.5 0c0 .171.098.403.412.623.312.218.783.377 1.338.377s1.026-.159 1.338-.377c.314-.22.412-.452.412-.623 0-.171-.098-.403-.412-.623-.312-.218-.783-.377-1.338-.377-.825 0-1.605-.233-2.198-.648-.59-.414-1.052-1.057-1.052-1.852 0-.795.461-1.438 1.052-1.852a3.64 3.64 0 011.448-.582V7.5a.75.75 0 011.5 0v.316c.54.096 1.039.296 1.448.582.59.414 1.052 1.057 1.052 1.852a.75.75 0 01-1.5 0c0-.171-.098-.403-.412-.623-.312-.218-.783-.377-1.338-.377s-1.026.159-1.338.377z\"><\/path><\/svg><\/div><\/div>\n\n\n\n<p class=\"has-normal-font-size\" style=\"line-height:1.5\"><strong>Lu\u00f4n c\u00f3 gi\u00e1 t\u1ed1t nh\u1ea5t cho kh\u00e1ch s\u1ec9 c\u0169ng nh\u01b0 kh\u00e1ch l\u1ebb<\/strong><\/p>\n\n\n\n<hr class=\"wp-block-separator has-text-color has-black-color has-alpha-channel-opacity has-black-background-color has-background is-style-wide\"\/>\n\n\n\n<ul class=\"has-normal-font-size\">\n<li>B\u1ea1n vui l\u00f2ng g\u1eedi tr\u01b0\u1edbc danh s\u00e1ch d\u01b0\u1ee3c li\u1ec7u \u0111\u1ec3 nh\u1eadn b\u00e1o gi\u00e1<\/li>\n\n\n\n<li>C\u1eeda h\u00e0ng n\u1eb1m t\u1ea1i s\u1ed1  14B Phan Huy Ch\u00fa, P11, Q5, TPHCM<\/li>\n\n\n\n<li>\u0110\u1ed1i t\u00e1c c\u1ee7a nhi\u1ec1u ph\u00f2ng m\u1ea1ch kh\u1eafp c\u1ea3 n\u01b0\u1edbc<\/li>\n<\/ul>\n\n\n\n<div class=\"wp-block-buttons is-content-justification-center is-layout-flex wp-container-12\">\n<div class=\"wp-block-button is-style-outline\"><a class=\"wp-block-button__link wp-element-button\" href=\"https:\/\/dongyhiepthanh.com\/index.php\/dat-hang\/\" target=\"_blank\" rel=\"noreferrer noopener\">\u0110\u1eb7t h\u00e0ng<\/a><\/div>\n<\/div>\n<\/div>\n\n\n\n<div class=\"wp-block-column has-text-color has-background has-link-color wp-elements-b26e6f9bde99d354659af6ab47977958 is-layout-flow\" style=\"color:#000000;background-color:#ffcd7d;padding-top:2em;padding-right:2em;padding-bottom:2em;padding-left:2em\">\n<h2 class=\"wp-block-heading\" id=\"patron\" style=\"font-size:40px\"><strong>Ch\u1ea5t l\u01b0\u1ee3ng<\/strong><\/h2>\n\n\n\n<div class=\"wp-block-outermost-icon-block alignright\"><div class=\"icon-container\" style=\"width:48px\"><svg xmlns=\"http:\/\/www.w3.org\/2000\/svg\" viewBox=\"0 0 24 24\" aria-hidden=\"true\"><path d=\"M16.7 7.1l-6.3 8.5-3.3-2.5-.9 1.2 4.5 3.4L17.9 8z\"><\/path><\/svg><\/div><\/div>\n\n\n\n<p class=\"has-normal-font-size\"><strong>D\u01b0\u1ee3c li\u1ec7u lu\u00f4n c\u00f3 ch\u1ea5t l\u01b0\u1ee3ng t\u1ed1t nh\u1ea5t<\/strong><\/p>\n\n\n\n<hr class=\"wp-block-separator has-text-color has-black-color has-alpha-channel-opacity has-black-background-color has-background is-style-wide\"\/>\n\n\n\n<ul class=\"has-normal-font-size\">\n<li>\u0110\u01b0\u1ee3c ki\u1ec3m nghi\u1ec7m<\/li>\n\n\n\n<li>Kh\u00f4ng s\u1eed d\u1ee5ng ho\u00e1 ch\u1ea5t c\u1ea5m trong vi\u1ec7c s\u01a1 ch\u1ebf<\/li>\n\n\n\n<li>B\u1ea1n s\u1ebd \u0111\u01b0\u1ee3c t\u01b0 v\u1ea5n v\u1ec1 d\u01b0\u1ee3c li\u1ec7u trong \u0111\u01a1n h\u00e0ng<\/li>\n<\/ul>\n\n\n\n<div class=\"wp-block-buttons is-content-justification-center is-layout-flex wp-container-14\">\n<div class=\"wp-block-button is-style-outline\"><a class=\"wp-block-button__link has-text-align-center wp-element-button\" href=\"https:\/\/dongyhiepthanh.com\/index.php\/dat-hang\/\" target=\"_blank\" rel=\"noreferrer noopener\">\u0110\u1eb7t h\u00e0ng<\/a><\/div>\n<\/div>\n<\/div>\n<\/div>\n\n\n\n<div style=\"height:100px\" aria-hidden=\"true\" class=\"wp-block-spacer\"><\/div>\n\n\n\t\t<div id=\"wpmapblock_cf75153d\" data-settings='{&quot;map_marker&quot;:[{&quot;lat&quot;:&quot;10.750456&quot;,&quot;lng&quot;:&quot;106.6621763&quot;,&quot;title&quot;:&quot;\\u0110\\u00f4ng Y Hi\\u1ec7p Th\\u00e0nh&quot;,&quot;content&quot;:&quot;14B \\u0110\\u01b0\\u1eddng Phan Huy Ch\\u00fa, Ph\\u01b0\\u1eddng 11, Qu\\u1eadn 5, TPHCM&quot;,&quot;iconType&quot;:&quot;custom&quot;,&quot;customIconUrl&quot;:&quot;https:\\\/\\\/dongyhiepthanh.com\\\/wp-content\\\/uploads\\\/2023\\\/04\\\/cropped-Group-1.png&quot;,&quot;customIconWidth&quot;:&quot;65&quot;,&quot;customIconHeight&quot;:&quot;72&quot;}],&quot;map_zoom&quot;:&quot;19&quot;,&quot;scroll_wheel_zoom&quot;:&quot;1&quot;,&quot;map_type&quot;:&quot;OSM&quot;,&quot;center_index&quot;:0}' class=\"wpmapblockrender\" style=\"\n\t\t\twidth: 100%;\n\t\t\theight: 308px;\n\t\t\"><\/div>\n        ","protected":false},"excerpt":{"rendered":"<p>B\u1ea1n c\u1ea7n mua d\u01b0\u1ee3c li\u1ec7u? \u0110\u1eb7t h\u00e0ng ngay Ho\u1eb7c li\u00ean h\u1ec7 qua Giao h\u00e0ng Ch\u00fang [&hellip;]<\/p>\n","protected":false},"author":1,"featured_media":0,"parent":0,"menu_order":0,"comment_status":"closed","ping_status":"closed","template":"","meta":[],"aioseo_notices":[],"_links":{"self":[{"href":"https:\/\/dongyhiepthanh.com\/index.php\/wp-json\/wp\/v2\/pages\/28"}],"collection":[{"href":"https:\/\/dongyhiepthanh.com\/index.php\/wp-json\/wp\/v2\/pages"}],"about":[{"href":"https:\/\/dongyhiepthanh.com\/index.php\/wp-json\/wp\/v2\/types\/page"}],"author":[{"embeddable":true,"href":"https:\/\/dongyhiepthanh.com\/index.php\/wp-json\/wp\/v2\/users\/1"}],"replies":[{"embeddable":true,"href":"https:\/\/dongyhiepthanh.com\/index.php\/wp-json\/wp\/v2\/comments?post=28"}],"version-history":[{"count":29,"href":"https:\/\/dongyhiepthanh.com\/index.php\/wp-json\/wp\/v2\/pages\/28\/revisions"}],"predecessor-version":[{"id":222,"href":"https:\/\/dongyhiepthanh.com\/index.php\/wp-json\/wp\/v2\/pages\/28\/revisions\/222"}],"wp:attachment":[{"href":"https:\/\/dongyhiepthanh.com\/index.php\/wp-json\/wp\/v2\/media?parent=28"}],"curies":[{"name":"wp","href":"https:\/\/api.w.org\/{rel}","templated":true}]}}