{"id":216,"date":"2025-03-14T13:41:07","date_gmt":"2025-03-14T06:41:07","guid":{"rendered":"https:\/\/dongyhiepthanh.com\/?post_type=product&#038;p=216"},"modified":"2025-03-14T13:42:55","modified_gmt":"2025-03-14T06:42:55","slug":"co-ngot","status":"publish","type":"product","link":"https:\/\/dongyhiepthanh.com\/index.php\/product\/co-ngot\/","title":{"rendered":"C\u1ecf Ng\u1ecdt"},"content":{"rendered":"<h2 id=\"h.pc256ioebwyy\"><strong>T\u00e1c d\u1ee5ng c\u1ee7a c\u00e2y c\u1ecf ng\u1ecdt \u0111\u1ed1i v\u1edbi s\u1ee9c kh\u1ecfe<\/strong><\/h2>\n<p>Nh\u1edd ch\u1ee9a nhi\u1ec1u th\u00e0nh ph\u1ea7n d\u01b0\u1ee1ng ch\u1ea5t, n\u00ean t\u00e1c d\u1ee5ng c\u1ee7a c\u00e2y c\u1ecf ng\u1ecdt v\u1edbi s\u1ee9c kh\u1ecfe ng\u01b0\u1eddi d\u00f9ng nh\u01b0:<\/p>\n<ul>\n<li><strong><em>H\u1ed7 tr\u1ee3\u00a0gi\u1ea3m c\u00e2n:<\/em>\u00a0<\/strong>C\u1ecf ng\u1ecdt \u0111\u01b0\u1ee3c d\u00f9ng ph\u1ed5 bi\u1ebfn nh\u01b0 m\u1ed9t ch\u1ea5t l\u00e0m ng\u1ecdt t\u1ef1 nhi\u00ean thay th\u1ebf \u0111\u01b0\u1eddng, v\u1edbi h\u00e0m l\u01b0\u1ee3ng calo th\u1ea5p n\u00ean gi\u00fap gi\u1ea3m l\u01b0\u1ee3ng \u0111\u01b0\u1eddng ti\u00eau th\u1ee5, ph\u00f9 h\u1ee3p cho ng\u01b0\u1eddi mu\u1ed1n ki\u1ec3m so\u00e1t c\u00e2n n\u1eb7ng ho\u1eb7c\u00a0ng\u01b0\u1eddi b\u1ecb ti\u1ec3u \u0111\u01b0\u1eddng.<\/li>\n<li><strong><em>Gi\u1ea3m \u0111\u01b0\u1eddng huy\u1ebft:<\/em><\/strong>\u00a0M\u1eb7c d\u00f9 ng\u1ecdt h\u01a1n \u0111\u01b0\u1eddng, nh\u01b0ng c\u00e1c h\u1ee3p ch\u1ea5t trong c\u00e2y c\u1ecf ng\u1ecdt kh\u00f4ng l\u00e0m t\u0103ng \u0111\u01b0\u1eddng huy\u1ebft, do \u0111\u00f3 r\u1ea5t th\u00edch h\u1ee3p cho ng\u01b0\u1eddi b\u1ecb ti\u1ec3u \u0111\u01b0\u1eddng.<\/li>\n<li><strong><em>Ki\u1ec3m so\u00e1t huy\u1ebft \u00e1p:\u00a0<\/em><\/strong>M\u1ed9t s\u1ed1 nghi\u00ean c\u1ee9u \u0111\u00e3 ch\u1ec9 ra r\u1eb1ng, th\u00e0nh ph\u1ea7n steviol glycosides c\u00f3 trong c\u00e2y c\u1ecf ng\u1ecdt c\u00f3 th\u1ec3 gi\u00fap gi\u1ea3m huy\u1ebft \u00e1p.<\/li>\n<li><strong><em>L\u1ee3i ti\u1ec3u:<\/em><\/strong>\u00a0C\u00e2y c\u1ecf ng\u1ecdt \u0111\u01b0\u1ee3c nghi\u00ean c\u1ee9u ch\u1ec9 ra r\u1eb1ng c\u00f3 t\u00e1c d\u1ee5ng ch\u1ed1ng vi khu\u1ea9n, gi\u00fap ng\u0103n ng\u1eeba s\u1ef1 ph\u00e1t tri\u1ec3n c\u1ee7a vi khu\u1ea9n trong n\u01b0\u1edbc ti\u1ec3u, t\u1eeb \u0111\u00f3 gi\u00fap ng\u0103n ng\u1eeba c\u00e1c v\u1ea5n \u0111\u1ec1 v\u1ec1 s\u1ee9c kh\u1ecfe \u0111\u01b0\u1eddng ti\u1ec3u, gi\u00fap l\u1ee3i ti\u1ec3u h\u01a1n.<\/li>\n<li><em><strong>T\u00ednh ch\u1ea5t ch\u1ed1ng oxy h\u00f3a:<\/strong>\u00a0<\/em>C\u00e1c h\u1ee3p ch\u1ea5t trong stevia c\u00f3 kh\u1ea3 n\u0103ng ch\u1ed1ng oxy h\u00f3a, gi\u00fap b\u1ea3o v\u1ec7 c\u01a1 th\u1ec3 kh\u1ecfi t\u1ed5n th\u01b0\u01a1ng c\u1ee7a c\u00e1c g\u1ed1c t\u1ef1 do v\u00e0 c\u00f3 th\u1ec3 gi\u1ea3m nguy c\u01a1 m\u1eafc b\u1ec7nh.<\/li>\n<li><em><strong>Kh\u1ea3 n\u0103ng ch\u1ed1ng vi khu\u1ea9n:<\/strong>\u00a0<\/em>M\u1ed9t s\u1ed1 nghi\u00ean c\u1ee9u c\u0169ng \u0111\u00e3 ch\u1ec9 ra r\u1eb1ng c\u00e2y c\u1ecf ng\u1ecdt c\u00f3 th\u1ec3 c\u00f3 t\u00ednh ch\u1ea5t ch\u1ed1ng vi khu\u1ea9n v\u00e0 ch\u1ed1ng vi\u00eam kh\u00e1 t\u1ed1t.<\/li>\n<li><strong><em>Gi\u1ea3m nguy c\u01a1\u00a0ung th\u01b0 tuy\u1ebfn t\u1ee5y:<\/em><\/strong>\u00a0Trong c\u00e2y c\u1ecf ng\u1ecdt c\u00f3 ch\u1ee9a ch\u1ea5t ch\u1ed1ng oxy ho\u00e1 Kaempferol. Theo c\u00e1c nghi\u00ean c\u1ee9u, ch\u1ea5t n\u00e0y ho\u1ea1t \u0111\u1ed9ng nh\u01b0 m\u1ed9t nh\u00e2n t\u1ed1 gi\u00fap g\u00e2y \u1ee9c ch\u1ebf c\u00e1c t\u1ebf b\u00e0o ung th\u01b0, gi\u1ea3m nguy c\u01a1\u00a0ung th\u01b0 tuy\u1ebfn t\u1ee5y\u00a0l\u00ean t\u1edbi 23%.<\/li>\n<\/ul>\n","protected":false},"excerpt":{"rendered":"<p>T\u00e1c d\u1ee5ng c\u1ee7a c\u00e2y c\u1ecf ng\u1ecdt \u0111\u1ed1i v\u1edbi s\u1ee9c kh\u1ecfe Nh\u1edd ch\u1ee9a nhi\u1ec1u th\u00e0nh ph\u1ea7n [&hellip;]<\/p>\n","protected":false},"featured_media":217,"template":"","meta":[],"product_cat":[15],"product_tag":[58,56,57],"aioseo_notices":[],"_links":{"self":[{"href":"https:\/\/dongyhiepthanh.com\/index.php\/wp-json\/wp\/v3\/product\/216"}],"collection":[{"href":"https:\/\/dongyhiepthanh.com\/index.php\/wp-json\/wp\/v3\/product"}],"about":[{"href":"https:\/\/dongyhiepthanh.com\/index.php\/wp-json\/wp\/v2\/types\/product"}],"wp:featuredmedia":[{"embeddable":true,"href":"https:\/\/dongyhiepthanh.com\/index.php\/wp-json\/wp\/v2\/media\/217"}],"wp:attachment":[{"href":"https:\/\/dongyhiepthanh.com\/index.php\/wp-json\/wp\/v2\/media?parent=216"}],"wp:term":[{"taxonomy":"product_cat","embeddable":true,"href":"https:\/\/dongyhiepthanh.com\/index.php\/wp-json\/wp\/v2\/product_cat?post=216"},{"taxonomy":"product_tag","embeddable":true,"href":"https:\/\/dongyhiepthanh.com\/index.php\/wp-json\/wp\/v2\/product_tag?post=216"}],"curies":[{"name":"wp","href":"https:\/\/api.w.org\/{rel}","templated":true}]}}