{"id":218,"date":"2025-03-14T13:43:01","date_gmt":"2025-03-14T06:43:01","guid":{"rendered":"https:\/\/dongyhiepthanh.com\/?post_type=product&#038;p=218"},"modified":"2025-03-14T13:44:43","modified_gmt":"2025-03-14T06:44:43","slug":"ban-chi-lien","status":"publish","type":"product","link":"https:\/\/dongyhiepthanh.com\/index.php\/product\/ban-chi-lien\/","title":{"rendered":"B\u00e1n Chi Li\u00ean"},"content":{"rendered":"<p>D\u01b0\u1ee3c li\u1ec7u b\u00e1n chi li\u00ean l\u00e0 v\u1ecb thu\u1ed1c qu\u00fd trong Y H\u1ecdc C\u1ed5 Truy\u1ec1n v\u1edbi nhi\u1ec1u c\u00f4ng d\u1ee5ng \u0111i\u1ec1u tr\u1ecb b\u1ec7nh, \u0111\u1eb7c bi\u1ec7t l\u00e0 trong c\u00e1c b\u00e0i thu\u1ed1c h\u1ed7 tr\u1ee3 \u0111i\u1ec1u tr\u1ecb ung th\u01b0, u b\u01b0\u1edbu. M\u1ed9t s\u1ed1\u00a0<b>t\u00e1c d\u1ee5ng c\u1ee7a b\u00e1n chi li\u00ean<\/b>\u00a0nh\u01b0 sau:<\/p>\n<ul>\n<li>Ph\u00f2ng ng\u1eeba, h\u1ed7 tr\u1ee3 \u0111i\u1ec1u tr\u1ecb ung th\u01b0:\u00a0<b>V\u1ecb thu\u1ed1c b\u00e1n chi li\u00ean<\/b>\u00a0c\u00f3 ch\u1ee9a c\u00f3 ho\u1ea1t ch\u1ea5t tanin, phenol, alkaloid, \u0111\u1eb7c bi\u1ec7t l\u00e0 c\u00e1c flavonoid c\u00f3 c\u00f4ng d\u1ee5ng r\u1ea5t hi\u1ec7u qu\u1ea3 gi\u00fap ng\u0103n ng\u1eeba qu\u00e1 tr\u00ecnh oxy h\u00f3a v\u00e0 gi\u00fap h\u00f3a l\u1ecfng c\u00e1c t\u1ebf b\u00e0o g\u00e2y h\u1ea1i. B\u00ean c\u1ea1nh \u0111\u00f3, c\u00e1c ho\u1ea1t ch\u1ea5t n\u00e0y c\u00f2n gi\u00fap gi\u1ea3m \u0111au, t\u0103ng c\u01b0\u1eddng s\u1ee9c \u0111\u1ec1 kh\u00e1ng cho c\u01a1 th\u1ec3, t\u1eeb \u0111\u00f3 gi\u00fap c\u01a1 th\u1ec3 ph\u00f2ng ng\u1eeba v\u00e0 ng\u0103n ch\u1eb7n s\u1ef1 ph\u00e1t tri\u1ec3n c\u1ee7a c\u00e1c\u00a0<b>t\u1ebf b\u00e0o ung th\u01b0<\/b>. \u0110\u1eb7c bi\u1ec7t k\u1ebft h\u1ee3p\u00a0<b>b\u00e1n chi li\u00ean v\u00e0<\/b>\u00a0<b>b\u1ea1ch hoa x\u00e0<\/b>\u00a0(m\u1ed9t lo\u1ea1i d\u01b0\u1ee3c li\u1ec7u th\u00e2n th\u1ea3o) \u0111em l\u1ea1i hi\u1ec7u qu\u1ea3 cao trong ph\u00f2ng ng\u1eeba v\u00e0 \u0111i\u1ec1u tr\u1ecb ung th\u01b0;<\/li>\n<li>H\u1ed7 tr\u1ee3 \u0111i\u1ec1u tr\u1ecb c\u00e1c kh\u1ed1i u b\u01b0\u1edbu: D\u01b0\u1ee3c li\u1ec7u b\u00e1n chi li\u00ean c\u00f3 c\u00f4ng d\u1ee5ng ng\u0103n ch\u1eb7n, k\u00ecm h\u00e3m s\u1ef1 ph\u00e1t tri\u1ec3n c\u1ee7a c\u00e1c kh\u1ed1i u b\u01b0\u1edbu v\u00e0 c\u00f3 kh\u1ea3 n\u0103ng l\u00e0m nh\u1ecf k\u00edch th\u01b0\u1edbc c\u00e1c\u00a0<b>kh\u1ed1i u l\u00e0nh t\u00ednh<\/b>;<\/li>\n<li>Kh\u00e1ng khu\u1ea9n v\u00e0 t\u0103ng c\u01b0\u1eddng h\u1ec7 mi\u1ec5n d\u1ecbch: Nghi\u00ean c\u1ee9u t\u1eeb c\u00e1c nh\u00e0 khoa h\u1ecdc cho th\u1ea5y, b\u00e1n chi li\u00ean c\u00f3 t\u00e1c d\u1ee5ng \u1ee9c ch\u1ebf qu\u00e1 tr\u00ecnh gi\u1ea3i ph\u00f3ng enzym g\u00e2y co c\u01a1 ra kh\u1ecfi t\u1ebf b\u00e0o, t\u1eeb \u0111\u00f3 gi\u00fap gi\u00e3n c\u00e1c c\u01a1. B\u00ean c\u1ea1nh \u0111\u00f3, ho\u1ea1t ch\u1ea5t baicalein, baicalin trong d\u01b0\u1ee3c li\u1ec7u c\u00f3 kh\u1ea3 n\u0103ng l\u00e0m gi\u00e3n ph\u1ebf qu\u1ea3n, gi\u1ea3m s\u1ef1 \u1ee9c ch\u1ebf co th\u1eaft v\u00e0 gi\u1ea3m t\u00ednh th\u1ea9m th\u1ea5u. C\u00e1c t\u00e1c d\u1ee5ng n\u00e0y gi\u00fap ng\u0103n ch\u1eb7n s\u1ef1 x\u00e2m nh\u1eadp c\u1ee7a vi khu\u1ea9n, virus v\u00e0o c\u01a1 th\u1ec3 v\u00e0 gi\u00fap c\u1ee7ng c\u1ed1,\u00a0<b>t\u0103ng c\u01b0\u1eddng h\u1ec7 mi\u1ec5n d\u1ecbch<\/b><b>;<\/b><\/li>\n<li>\u0110i\u1ec1u h\u00f2a huy\u1ebft \u00e1p: Chi\u1ebft xu\u1ea5t t\u1eeb d\u01b0\u1ee3c li\u1ec7u b\u00e1n chi li\u00ean c\u00f3 c\u00f4ng d\u1ee5ng t\u0103ng \u0111\u1ed9 \u0111\u00e0n h\u1ed3i c\u1ee7a th\u00e0nh m\u1ea1ch m\u00e1u, gi\u00fap h\u1ea1n ch\u1ebf t\u00ecnh tr\u1ea1ng t\u0103ng v\u00e0 h\u1ea1 huy\u1ebft \u00e1p \u0111\u1ed9t ng\u1ed9t, \u0111\u1eb7c bi\u1ec7t l\u00e0 \u1edf ng\u01b0\u1eddi cao tu\u1ed5i;<\/li>\n<li>T\u00e1c d\u1ee5ng chuy\u1ec3n h\u00f3a lipid:\u00a0<b>B\u00e1n chi li\u00ean<\/b>\u00a0gi\u00fap ng\u0103n ch\u1eb7n s\u1ef1 \u1ee9 \u0111\u1ecdng c\u1ee7a\u00a0<b>lipid m\u00e1u<\/b><b>,<\/b>\u00a0chuy\u1ec3n h\u00f3a lipid v\u00e0 h\u1ea1 lipid m\u00e1u hi\u1ec7u qu\u1ea3. Trong m\u1ed9t s\u1ed1 tr\u01b0\u1eddng h\u1ee3p, c\u00f4ng d\u1ee5ng n\u00e0y c\u00f2n hi\u1ec7u qu\u1ea3 h\u01a1n vi\u1ec7c \u0103n ki\u00eang hay s\u1eed d\u1ee5ng c\u00e1c b\u00e0i thu\u1ed1c t\u00e2y y trong \u0111i\u1ec1u tr\u1ecb t\u0103ng lipid m\u00e1u;<\/li>\n<li>H\u1ed7 tr\u1ee3 \u0111i\u1ec1u tr\u1ecb b\u1ec7nh l\u00fd v\u1ec1 gan: D\u01b0\u1ee3c li\u1ec7u b\u00e1n chi li\u00ean gi\u00fap t\u0103ng c\u01b0\u1eddng v\u00e0 c\u1ea3i thi\u1ec7n ch\u1ee9c n\u0103ng gan, h\u1ed7 tr\u1ee3 \u0111i\u1ec1u tr\u1ecb m\u1ed9t s\u1ed1 b\u1ec7nh l\u00fd v\u1ec1 gan nh\u01b0\u00a0<b>x\u01a1 gan<\/b><b>,<\/b>\u00a0<b>ung th\u01b0 gan<\/b><b>,<\/b>\u00a0vi\u00eam gan..<\/li>\n<\/ul>\n","protected":false},"excerpt":{"rendered":"<p>D\u01b0\u1ee3c li\u1ec7u b\u00e1n chi li\u00ean l\u00e0 v\u1ecb thu\u1ed1c qu\u00fd trong Y H\u1ecdc C\u1ed5 Truy\u1ec1n v\u1edbi [&hellip;]<\/p>\n","protected":false},"featured_media":219,"template":"","meta":[],"product_cat":[15],"product_tag":[],"aioseo_notices":[],"_links":{"self":[{"href":"https:\/\/dongyhiepthanh.com\/index.php\/wp-json\/wp\/v3\/product\/218"}],"collection":[{"href":"https:\/\/dongyhiepthanh.com\/index.php\/wp-json\/wp\/v3\/product"}],"about":[{"href":"https:\/\/dongyhiepthanh.com\/index.php\/wp-json\/wp\/v2\/types\/product"}],"wp:featuredmedia":[{"embeddable":true,"href":"https:\/\/dongyhiepthanh.com\/index.php\/wp-json\/wp\/v2\/media\/219"}],"wp:attachment":[{"href":"https:\/\/dongyhiepthanh.com\/index.php\/wp-json\/wp\/v2\/media?parent=218"}],"wp:term":[{"taxonomy":"product_cat","embeddable":true,"href":"https:\/\/dongyhiepthanh.com\/index.php\/wp-json\/wp\/v2\/product_cat?post=218"},{"taxonomy":"product_tag","embeddable":true,"href":"https:\/\/dongyhiepthanh.com\/index.php\/wp-json\/wp\/v2\/product_tag?post=218"}],"curies":[{"name":"wp","href":"https:\/\/api.w.org\/{rel}","templated":true}]}}