{"id":220,"date":"2025-03-14T13:44:50","date_gmt":"2025-03-14T06:44:50","guid":{"rendered":"https:\/\/dongyhiepthanh.com\/?post_type=product&#038;p=220"},"modified":"2025-03-14T13:46:00","modified_gmt":"2025-03-14T06:46:00","slug":"xuyen-tam-lien","status":"publish","type":"product","link":"https:\/\/dongyhiepthanh.com\/index.php\/product\/xuyen-tam-lien\/","title":{"rendered":"Xuy\u00ean T\u00e2m Li\u00ean"},"content":{"rendered":"<p>Theo \u0111\u00f4ng y,\u00a0<b>xuy\u00ean t\u00e2m li\u00ean<\/b>\u00a0c\u00f3 v\u1ecb \u0111\u1eafng, t\u00ednh h\u00e0n, quy v\u00e0o c\u00e1c kinh ph\u1ebf, v\u1ecb, \u0111\u1ea1i tr\u00e0ng v\u00e0 ti\u1ec3u tr\u01b0\u1edfng. C\u00f3 c\u00f4ng d\u1ee5ng thanh nhi\u1ec7t gi\u1ea3i \u0111\u1ed9c, ho\u1ea1t huy\u1ebft, ch\u1ec9 th\u1ed1ng. Th\u01b0\u1eddng \u0111\u01b0\u1ee3c d\u00f9ng trong c\u00e1c tr\u01b0\u1eddng h\u1ee3p nh\u01b0:<\/p>\n<ul>\n<li>Tr\u1ecb b\u1ec7nh c\u1ea3m s\u1ed1t,\u00a0<b>c\u00fam<\/b>, vi\u00eam amidan.<\/li>\n<li>Tr\u1ecb ho do vi\u00eam h\u1ecdng, vi\u00eam ph\u1ed5i.<\/li>\n<li>D\u00f9ng trong tr\u01b0\u1eddng h\u1ee3p ti\u1ec3u r\u1eaft, ti\u1ec3u bu\u1ed1t do\u00a0<b>vi\u00eam \u0111\u01b0\u1eddng ti\u1ebft ni\u1ec7u<\/b>.<\/li>\n<li>B\u1ec7nh ph\u1ee5 n\u1eef nh\u01b0 vi\u00eam \u00e2m \u0111\u1ea1o g\u00e2y kh\u00ed h\u01b0, \u0111au b\u1ee5ng kinh.<\/li>\n<li>Tr\u1ecb ch\u1ee9ng th\u1ea5p nhi\u1ec7t g\u00e2y m\u1ee5n nh\u1ecdt, m\u1ea9n ng\u1ee9a&#8230;<\/li>\n<\/ul>\n<p>Nghi\u00ean c\u1ee9u nh\u1eefng t\u00e1c d\u1ee5ng d\u01b0\u1ee3c l\u00fd c\u1ee7a v\u1ecb thu\u1ed1c xuy\u00ean t\u00e2m li\u00ean bao g\u1ed3m:<\/p>\n<ul>\n<li>T\u00e1c d\u1ee5ng ch\u1ed1ng vi\u00eam r\u00f5 r\u1ec7t, c\u00e1c t\u00e1c gi\u1ea3 cho th\u1ea5y kh\u1ea3 n\u0103ng l\u00e0m t\u0103ng ho\u1ea1t \u0111\u1ed9ng \u0111\u1ed9ng c\u1ee7a b\u1ea1ch c\u1ea7u v\u00e0 t\u00e1c \u0111\u1ed9ng qua hormon v\u1ecf tuy\u1ebfn th\u01b0\u1ee3ng th\u1eadn.<\/li>\n<li>T\u00e1c d\u1ee5ng kh\u00e1ng khu\u1ea9n: Xuy\u00ean t\u00e2m li\u00ean c\u00f3 t\u00e1c d\u1ee5ng kh\u00e1ng l\u1ea1i vi sinh v\u1eadt nh\u01b0\u00a0<b>vi khu\u1ea9n<\/b>, virus, vi n\u1ea5m, k\u00fd sinh tr\u00f9ng.<\/li>\n<li>T\u00e1c d\u1ee5ng h\u1ea1 nhi\u1ec7t: Xuy\u00ean t\u00e2m li\u00ean c\u00f3 t\u00e1c d\u1ee5ng h\u1ea1 nhi\u1ec7t c\u01a1 th\u1ec3, \u0111\u01b0\u1ee3c d\u00f9ng trong c\u00e1c tr\u01b0\u1eddng h\u1ee3p s\u1ed1t do b\u1ec7nh \u0111\u01b0\u1eddng h\u00f4 h\u1ea5p.<\/li>\n<li>T\u00e1c d\u1ee5ng v\u1edbi Covid-19: M\u1ed9t th\u1eddi gian \u1edf n\u01b0\u1edbc ta r\u1ed9 l\u00ean chuy\u1ec7n mua xuy\u00ean t\u00e2m li\u00ean \u0111\u1ec3 u\u1ed1ng ph\u00f2ng v\u00e0 \u0111i\u1ec1u tr\u1ecb b\u1ec7nh Covid 19. B\u1edfi \u0111\u00e3 c\u00f3 m\u1ed9t s\u1ed1 nghi\u00ean c\u1ee9u trong ph\u00f2ng th\u00ed nghi\u1ec7m cho th\u1ea5y m\u1ed9t s\u1ed1 th\u00e0nh ph\u1ea7n trong c\u00e2y n\u00e0y c\u00f3 t\u00e1c d\u1ee5ng \u1ee9c ch\u1ebf virus. Tuy nhi\u00ean, n\u00f3 ch\u1ec9 mang l\u1ea1i ti\u1ec1m n\u0103ng trong t\u01b0\u01a1ng lai ch\u1ee9 ch\u01b0a c\u00f3 nghi\u00ean c\u1ee9u th\u1ef1c nghi\u1ec7m. Cho n\u00ean, kh\u00f4ng n\u00ean t\u1ef1 \u00fd s\u1eed d\u1ee5ng c\u00e2y thu\u1ed1c n\u00e0y \u0111\u1ec3 ph\u00f2ng hay tr\u1ecb b\u1ec7nh, \u0111\u1ec3 tr\u00e1nh t\u00e1c d\u1ee5ng kh\u00f4ng t\u1ed1t v\u1edbi c\u01a1 th\u1ec3.<\/li>\n<\/ul>\n","protected":false},"excerpt":{"rendered":"<p>Theo \u0111\u00f4ng y,\u00a0xuy\u00ean t\u00e2m li\u00ean\u00a0c\u00f3 v\u1ecb \u0111\u1eafng, t\u00ednh h\u00e0n, quy v\u00e0o c\u00e1c kinh ph\u1ebf, v\u1ecb, [&hellip;]<\/p>\n","protected":false},"featured_media":221,"template":"","meta":[],"product_cat":[15],"product_tag":[],"aioseo_notices":[],"_links":{"self":[{"href":"https:\/\/dongyhiepthanh.com\/index.php\/wp-json\/wp\/v3\/product\/220"}],"collection":[{"href":"https:\/\/dongyhiepthanh.com\/index.php\/wp-json\/wp\/v3\/product"}],"about":[{"href":"https:\/\/dongyhiepthanh.com\/index.php\/wp-json\/wp\/v2\/types\/product"}],"wp:featuredmedia":[{"embeddable":true,"href":"https:\/\/dongyhiepthanh.com\/index.php\/wp-json\/wp\/v2\/media\/221"}],"wp:attachment":[{"href":"https:\/\/dongyhiepthanh.com\/index.php\/wp-json\/wp\/v2\/media?parent=220"}],"wp:term":[{"taxonomy":"product_cat","embeddable":true,"href":"https:\/\/dongyhiepthanh.com\/index.php\/wp-json\/wp\/v2\/product_cat?post=220"},{"taxonomy":"product_tag","embeddable":true,"href":"https:\/\/dongyhiepthanh.com\/index.php\/wp-json\/wp\/v2\/product_tag?post=220"}],"curies":[{"name":"wp","href":"https:\/\/api.w.org\/{rel}","templated":true}]}}